{"id":596,"date":"2021-03-05T14:21:35","date_gmt":"2021-03-05T14:21:35","guid":{"rendered":"http:\/\/wp.sunpics.online\/?post_type=product&#038;p=596"},"modified":"2024-01-08T14:27:09","modified_gmt":"2024-01-08T14:27:09","slug":"album-30x30","status":"publish","type":"product","link":"https:\/\/store-demo-release.sunpics.online\/es\/shop\/cat_photobooks\/digital-albums\/album-30x30\/","title":{"rendered":"\u00c1lbum digital"},"content":{"rendered":"<p>O\u00a0<strong>Lorem Ipsum<\/strong>\u00a0\u00e9 um modelo de texto de la industria tipogr\u00e1fica y de impresi\u00f3n. O Lorem Ipsum tem vindo a ser o texto padr\u00e3o usado por estas ind\u00fastrias desde el ano de 1500, quando uma misturou os caracteres de um texto para criar um esp\u00e9cime de livro. Este texto n\u00e3o s\u00f3 sobreviveu 5 s\u00e9culos, mas tamb\u00e9m o salto para a tipografia electr\u00f3nica, mantendo-se essencialmente inalterada. Foi popularizada nos anos 60 com a disponibiliza\u00e7\u00e3o das folhas of Letraset, que continham pasajes con Lorem Ipsum, y m\u00e1s recientemente con programas de publicaci\u00f3n como o Aldus PageMaker que incluyen versiones de Lorem Ipsum.<\/p>","protected":false},"excerpt":{"rendered":"<p>O\u00a0<strong>Lorem Ipsum<\/strong> \u00e9 um modelo de texto de la industria tipogr\u00e1fica y de impresi\u00f3n.<\/p>","protected":false},"featured_media":181,"comment_status":"open","ping_status":"closed","template":"","meta":[],"product_brand":[],"product_cat":[149],"product_tag":[],"class_list":{"0":"post-596","1":"product","2":"type-product","3":"status-publish","4":"has-post-thumbnail","6":"product_cat-digital-albums","7":"zita-woo-hover-","8":"zita-shadow-1","9":"zita-shadow-hover-2","10":"zita-single-product-content-left","11":"zita-single-product-tab-","13":"first","14":"instock","15":"shipping-taxable","16":"purchasable","17":"product-type-variable","18":"rtwpvs-product"},"_links":{"self":[{"href":"https:\/\/store-demo-release.sunpics.online\/es\/wp-json\/wp\/v2\/product\/596","targetHints":{"allow":["GET"]}}],"collection":[{"href":"https:\/\/store-demo-release.sunpics.online\/es\/wp-json\/wp\/v2\/product"}],"about":[{"href":"https:\/\/store-demo-release.sunpics.online\/es\/wp-json\/wp\/v2\/types\/product"}],"replies":[{"embeddable":true,"href":"https:\/\/store-demo-release.sunpics.online\/es\/wp-json\/wp\/v2\/comments?post=596"}],"wp:featuredmedia":[{"embeddable":true,"href":"https:\/\/store-demo-release.sunpics.online\/es\/wp-json\/wp\/v2\/media\/181"}],"wp:attachment":[{"href":"https:\/\/store-demo-release.sunpics.online\/es\/wp-json\/wp\/v2\/media?parent=596"}],"wp:term":[{"taxonomy":"product_brand","embeddable":true,"href":"https:\/\/store-demo-release.sunpics.online\/es\/wp-json\/wp\/v2\/product_brand?post=596"},{"taxonomy":"product_cat","embeddable":true,"href":"https:\/\/store-demo-release.sunpics.online\/es\/wp-json\/wp\/v2\/product_cat?post=596"},{"taxonomy":"product_tag","embeddable":true,"href":"https:\/\/store-demo-release.sunpics.online\/es\/wp-json\/wp\/v2\/product_tag?post=596"}],"curies":[{"name":"wp","href":"https:\/\/api.w.org\/{rel}","templated":true}]}}