{"id":183,"date":"2020-10-15T11:22:05","date_gmt":"2020-10-15T11:22:05","guid":{"rendered":"http:\/\/wp.sunpics.online\/?post_type=product&#038;p=183"},"modified":"2021-04-01T13:45:36","modified_gmt":"2021-04-01T13:45:36","slug":"canvas-40x40","status":"publish","type":"product","link":"https:\/\/store-demo-release.sunpics.online\/pl\/shop\/cat_canvas\/canvas-40x40\/","title":{"rendered":"P\u0142\u00f3tno 40\u00d740"},"content":{"rendered":"","protected":false},"excerpt":{"rendered":"","protected":false},"featured_media":186,"comment_status":"open","ping_status":"closed","template":"","meta":[],"product_brand":[],"product_cat":[19],"product_tag":[],"class_list":{"0":"post-183","1":"product","2":"type-product","3":"status-publish","4":"has-post-thumbnail","6":"product_cat-cat_canvas","7":"zita-woo-hover-","8":"zita-shadow-1","9":"zita-shadow-hover-2","10":"zita-single-product-content-left","11":"zita-single-product-tab-","13":"first","14":"instock","15":"shipping-taxable","16":"purchasable","17":"product-type-variable","18":"rtwpvs-product"},"_links":{"self":[{"href":"https:\/\/store-demo-release.sunpics.online\/pl\/wp-json\/wp\/v2\/product\/183","targetHints":{"allow":["GET"]}}],"collection":[{"href":"https:\/\/store-demo-release.sunpics.online\/pl\/wp-json\/wp\/v2\/product"}],"about":[{"href":"https:\/\/store-demo-release.sunpics.online\/pl\/wp-json\/wp\/v2\/types\/product"}],"replies":[{"embeddable":true,"href":"https:\/\/store-demo-release.sunpics.online\/pl\/wp-json\/wp\/v2\/comments?post=183"}],"wp:featuredmedia":[{"embeddable":true,"href":"https:\/\/store-demo-release.sunpics.online\/pl\/wp-json\/wp\/v2\/media\/186"}],"wp:attachment":[{"href":"https:\/\/store-demo-release.sunpics.online\/pl\/wp-json\/wp\/v2\/media?parent=183"}],"wp:term":[{"taxonomy":"product_brand","embeddable":true,"href":"https:\/\/store-demo-release.sunpics.online\/pl\/wp-json\/wp\/v2\/product_brand?post=183"},{"taxonomy":"product_cat","embeddable":true,"href":"https:\/\/store-demo-release.sunpics.online\/pl\/wp-json\/wp\/v2\/product_cat?post=183"},{"taxonomy":"product_tag","embeddable":true,"href":"https:\/\/store-demo-release.sunpics.online\/pl\/wp-json\/wp\/v2\/product_tag?post=183"}],"curies":[{"name":"wp","href":"https:\/\/api.w.org\/{rel}","templated":true}]}}