{"id":6274,"date":"2023-03-17T11:42:17","date_gmt":"2023-03-17T11:42:17","guid":{"rendered":"https:\/\/store-demo-release.sunpics.online\/?post_type=product&#038;p=6274"},"modified":"2023-08-23T15:52:31","modified_gmt":"2023-08-23T15:52:31","slug":"variable-size-poster","status":"publish","type":"product","link":"https:\/\/store-demo-release.sunpics.online\/pl\/shop\/cat_posters\/variable-size-poster\/","title":{"rendered":"Variable size Poster"},"content":{"rendered":"<p>Utw\u00f3rz plakat o niestandardowym wymiarze.<\/p>\n<p>Wystarczy wstawi\u0107 \u017c\u0105dan\u0105 d\u0142ugo\u015b\u0107 i szeroko\u015b\u0107 oraz przes\u0142a\u0107 plik do druku.<\/p>\n<p>Dost\u0119pne wymiary mog\u0105 wynosi\u0107 od 20cm do 80cm<\/p>","protected":false},"excerpt":{"rendered":"<p>Utw\u00f3rz plakat o niestandardowym wymiarze.<\/p>\n<p>Dost\u0119pne wymiary mog\u0105 wynosi\u0107 od 20cm do 80cm<\/p>","protected":false},"featured_media":1605,"comment_status":"open","ping_status":"closed","template":"","meta":[],"product_brand":[],"product_cat":[22],"product_tag":[],"class_list":{"0":"post-6274","1":"product","2":"type-product","3":"status-publish","4":"has-post-thumbnail","6":"product_cat-cat_posters","7":"zita-woo-hover-","8":"zita-shadow-1","9":"zita-shadow-hover-2","10":"zita-single-product-content-left","11":"zita-single-product-tab-","13":"first","14":"instock","15":"shipping-taxable","16":"purchasable","17":"product-type-simple"},"_links":{"self":[{"href":"https:\/\/store-demo-release.sunpics.online\/pl\/wp-json\/wp\/v2\/product\/6274","targetHints":{"allow":["GET"]}}],"collection":[{"href":"https:\/\/store-demo-release.sunpics.online\/pl\/wp-json\/wp\/v2\/product"}],"about":[{"href":"https:\/\/store-demo-release.sunpics.online\/pl\/wp-json\/wp\/v2\/types\/product"}],"replies":[{"embeddable":true,"href":"https:\/\/store-demo-release.sunpics.online\/pl\/wp-json\/wp\/v2\/comments?post=6274"}],"wp:featuredmedia":[{"embeddable":true,"href":"https:\/\/store-demo-release.sunpics.online\/pl\/wp-json\/wp\/v2\/media\/1605"}],"wp:attachment":[{"href":"https:\/\/store-demo-release.sunpics.online\/pl\/wp-json\/wp\/v2\/media?parent=6274"}],"wp:term":[{"taxonomy":"product_brand","embeddable":true,"href":"https:\/\/store-demo-release.sunpics.online\/pl\/wp-json\/wp\/v2\/product_brand?post=6274"},{"taxonomy":"product_cat","embeddable":true,"href":"https:\/\/store-demo-release.sunpics.online\/pl\/wp-json\/wp\/v2\/product_cat?post=6274"},{"taxonomy":"product_tag","embeddable":true,"href":"https:\/\/store-demo-release.sunpics.online\/pl\/wp-json\/wp\/v2\/product_tag?post=6274"}],"curies":[{"name":"wp","href":"https:\/\/api.w.org\/{rel}","templated":true}]}}