{"id":7328,"date":"2024-11-06T12:09:53","date_gmt":"2024-11-06T12:09:53","guid":{"rendered":"https:\/\/store-demo-release.sunpics.online\/?post_type=product&#038;p=7328"},"modified":"2024-11-06T12:13:03","modified_gmt":"2024-11-06T12:13:03","slug":"photobook-v1","status":"publish","type":"product","link":"https:\/\/store-demo-release.sunpics.online\/pl\/shop\/uncategorized\/photobook-v1\/","title":{"rendered":"Photobook V1"},"content":{"rendered":"<p>N\u00e3o podemos congelar o tempo, mas podemos eternizar os teus momentos mais preciosos com os \u00e1lbuns de fotos personalizados do C\u00e9u Azul. Desperta a tua criatividade e encontra inspira\u00e7\u00e3o nos nossos designs pr\u00e9-concebidos. Come\u00e7a do zero ou escolhe um modelo criado com muito amor e carinho. Personaliza cada detalhe para contar a tua hist\u00f3ria \u00e0 tua maneira. Ap\u00f3s adicionar as fotos, \u00e9 f\u00e1cil mov\u00ea-las e redimension\u00e1-las exatamente como desejas.<\/p>\n<p>Personaliza o layout ao adicionar texto e enfeites, ajustando ou alterando as fontes e cores. No C\u00e9u Azul, podes criar o teu pr\u00f3prio \u00e1lbum de fotos personalizado, e os nossos especialistas cuidar\u00e3o de todo o processo de impress\u00e3o de \u00e1lbuns de fotos. As tuas obras de arte\u00a0 ser\u00e3o produzidas com o mesmo cuidado dedicado a criar o teu \u00e1lbum de fotos.<\/p>\n<p>Com os \u00e1lbuns de fotos personalizados C\u00e9u Azul, transforma as tuas mem\u00f3rias em obras de arte eternas.<\/p>","protected":false},"excerpt":{"rendered":"<p>As tuas mem\u00f3rias merecem ser eternas. Cria um \u00e1lbum online em poucos minutos. Escolhe entre uma ampla variedade de layouts, capas e acabamentos. Adiciona as tuas fotos favoritas e personaliza cada p\u00e1gina \u00e0 tua maneira. Come\u00e7a por escolher um tipo de \u00e1lbum abaixo!<\/p>","protected":false},"featured_media":0,"comment_status":"open","ping_status":"closed","template":"","meta":[],"product_brand":[],"product_cat":[15],"product_tag":[],"class_list":{"0":"post-7328","1":"product","2":"type-product","3":"status-publish","5":"product_cat-uncategorized","6":"zita-woo-hover-","7":"zita-shadow-1","8":"zita-shadow-hover-2","9":"zita-single-product-content-left","10":"zita-single-product-tab-","12":"first","13":"instock","14":"shipping-taxable","15":"purchasable","16":"product-type-variable","17":"rtwpvs-product"},"_links":{"self":[{"href":"https:\/\/store-demo-release.sunpics.online\/pl\/wp-json\/wp\/v2\/product\/7328","targetHints":{"allow":["GET"]}}],"collection":[{"href":"https:\/\/store-demo-release.sunpics.online\/pl\/wp-json\/wp\/v2\/product"}],"about":[{"href":"https:\/\/store-demo-release.sunpics.online\/pl\/wp-json\/wp\/v2\/types\/product"}],"replies":[{"embeddable":true,"href":"https:\/\/store-demo-release.sunpics.online\/pl\/wp-json\/wp\/v2\/comments?post=7328"}],"wp:attachment":[{"href":"https:\/\/store-demo-release.sunpics.online\/pl\/wp-json\/wp\/v2\/media?parent=7328"}],"wp:term":[{"taxonomy":"product_brand","embeddable":true,"href":"https:\/\/store-demo-release.sunpics.online\/pl\/wp-json\/wp\/v2\/product_brand?post=7328"},{"taxonomy":"product_cat","embeddable":true,"href":"https:\/\/store-demo-release.sunpics.online\/pl\/wp-json\/wp\/v2\/product_cat?post=7328"},{"taxonomy":"product_tag","embeddable":true,"href":"https:\/\/store-demo-release.sunpics.online\/pl\/wp-json\/wp\/v2\/product_tag?post=7328"}],"curies":[{"name":"wp","href":"https:\/\/api.w.org\/{rel}","templated":true}]}}